{"id":1995,"date":"2024-01-30T16:36:11","date_gmt":"2024-01-30T15:36:11","guid":{"rendered":"https:\/\/maritimm.com\/?page_id=1995"},"modified":"2024-02-23T16:47:17","modified_gmt":"2024-02-23T15:47:17","slug":"vendre","status":"publish","type":"page","link":"https:\/\/maritimm.com\/index.php\/vendre\/","title":{"rendered":"Vendre votre bien"},"content":{"rendered":"\t\t<div data-elementor-type=\"wp-page\" data-elementor-id=\"1995\" class=\"elementor elementor-1995\">\n\t\t\t\t<div class=\"elementor-element elementor-element-18656847 e-flex e-con-boxed e-con e-parent\" data-id=\"18656847\" data-element_type=\"container\" data-e-type=\"container\" data-settings=\"{&quot;background_background&quot;:&quot;classic&quot;}\">\n\t\t\t\t\t<div class=\"e-con-inner\">\n\t\t\t\t<div class=\"elementor-element elementor-element-42661789 elementor-widget elementor-widget-text-editor\" data-id=\"42661789\" data-element_type=\"widget\" data-e-type=\"widget\" data-widget_type=\"text-editor.default\">\n\t\t\t\t<div class=\"elementor-widget-container\">\n\t\t\t\t\t\t\t\t\t<h2 class=\"heading-styled\" style=\"text-align: center; font-size: 32.3px; text-shadow: 0 2px 2px rgba(0, 0, 0, 0.5); margin: 0.1em 0;\">Vendre votre bien<\/h2>\n<p style=\"text-align: center; color: white;\">Toute notre expertise pour une transaction sans surprise.<\/p>\t\t\t\t\t\t\t\t<\/div>\n\t\t\t\t<\/div>\n\t\t\t\t\t<\/div>\n\t\t\t\t<\/div>\n\t\t<div class=\"elementor-element elementor-element-06f867f e-flex e-con-boxed e-con e-parent\" data-id=\"06f867f\" data-element_type=\"container\" data-e-type=\"container\">\n\t\t\t\t\t<div class=\"e-con-inner\">\n\t\t\t\t<div class=\"elementor-element elementor-element-2de8e22 elementor-widget elementor-widget-es-about-block-widget\" data-id=\"2de8e22\" data-element_type=\"widget\" data-e-type=\"widget\" data-widget_type=\"es-about-block-widget.default\">\n\t\t\t\t<div class=\"elementor-widget-container\">\n\t\t\t\t\t<div class='widget_ert-about-widget so-panel'><div class='triangle'><\/div><div class='container'><div class='row'><div class='col-md-6 order-2 order-sm-2 order-md-1'><h4>Vous souhaitez vendre votre bien ?<\/h4><h5>D\u00e9couvrez tous nos services et notre engagement aupr\u00e8s de nos clients vendeurs.<\/h5><div class='ert-about__content'>Martimm s'engage \u00e0 vous offrir une exp\u00e9rience de vente exceptionnelle. Notre \u00e9quipe, ancr\u00e9e localement, maintient une connexion directe avec le march\u00e9, garantissant ainsi des transactions fluides et r\u00e9ussies. Avec plus de 300 ventes conclues avec succ\u00e8s, nous sommes fiers de notre r\u00e9putation d'excellence.\n<br><br>\nNous comprenons l'importance d'une estimation pr\u00e9cise. C'est pourquoi notre approche minutieuse permet une \u00e9valuation au plus juste, \u00e9conomisant ainsi le temps pr\u00e9cieux des vendeurs et des acqu\u00e9reurs. Au-del\u00e0 de la simple transaction, notre engagement se prolonge dans un accompagnement personnalis\u00e9 qui va bien au-del\u00e0 de la signature de l'acte. Chez Martimm, vendre votre bien devient une exp\u00e9rience harmonieuse et r\u00e9ussie. Faites confiance \u00e0 notre savoir-faire pour concr\u00e9tiser vos projets immobiliers avec succ\u00e8s.<\/div><\/div><div class='col-md-6 ert-about__image order-1 order-sm-1 order-md-2'><div class='ert-about__image--inner'><img src='https:\/\/maritimm.com\/wp-content\/uploads\/2024\/02\/Vendre_Maritimm.jpg' alt='Vous souhaitez vendre votre bien ?'\/><\/div><\/div><\/div><\/div>\t\t\t\t<\/div>\n\t\t\t\t<\/div>\n\t\t\t\t\t<\/div>\n\t\t\t\t<\/div>\n\t\t<div class=\"elementor-element elementor-element-5f767a4 e-flex e-con-boxed e-con e-parent\" data-id=\"5f767a4\" data-element_type=\"container\" data-e-type=\"container\" data-settings=\"{&quot;background_background&quot;:&quot;classic&quot;}\">\n\t\t\t\t\t<div class=\"e-con-inner\">\n\t\t\t\t<div class=\"elementor-element elementor-element-3be0bb5 elementor-widget elementor-widget-wp-widget-sow-features\" data-id=\"3be0bb5\" data-element_type=\"widget\" data-e-type=\"widget\" data-widget_type=\"wp-widget-sow-features.default\">\n\t\t\t\t<div class=\"elementor-widget-container\">\n\t\t\t\t\t<div\n\t\t\t\n\t\t\tclass=\"so-widget-sow-features so-widget-sow-features-default-9c34504ea2c7\"\n\t\t\t\n\t\t><ul\n\tclass=\"sow-features-list\n\tsow-features-responsive\">\n\n\t\t\t<li\n\t\t\tclass=\"sow-features-feature sow-icon-container-position-top\"\n\t\t\tstyle=\"display: flex; flex-direction: column; width: calc(33.333% - 25px);\"\n\t\t>\n\t\t\t\n\t\t\t\t\t\t<div\t\t\t\tclass=\"sow-icon-container sow-container-round\"\n\t\t\t\tstyle=\"color: #b28952; \"\n\t\t\t\ttitle=\"Icon\"\n\t\t\t\t\t\t\t>\n\t\t\t\t<span class=\"sow-icon-materialicons sowm-regular\" data-sow-icon=\"&#xefd6\"\n\t\tstyle=\"font-size: 36px; color: #ffffff\" \n\t\taria-hidden=\"true\"><\/span>\t\t\t<\/div>\n\n\t\t\t<div class=\"textwidget\">\n\t\t\t\t\n\t\t\t\t\t\t\t\t\t<h5 class=\"sow-features-feature-title\">\n\t\t\t\t\t\tDur\u00e9e du mandat fix\u00e9e ensemble\t\t\t\t\t<\/h5>\n\t\t\t\t\n\t\t\t\t\t\t\t\t\t<div class=\"sow-features-feature-text\">\n\t\t\t\t\t<p>Vous \u00eates unique, et votre projet aussi ! D\u00e9terminons ensemble le temps n\u00e9cessaire \u00e0 sa concr\u00e9tisation.<\/p>\n\t\t\t\t\t<\/div>\n\t\t\t\t\t\t\t\t<\/div>\n\t\t\t\t\t\t\t\t<\/li>\n\n\t\t\t<li\n\t\t\tclass=\"sow-features-feature sow-icon-container-position-top\"\n\t\t\tstyle=\"display: flex; flex-direction: column; width: calc(33.333% - 25px);\"\n\t\t>\n\t\t\t\n\t\t\t\t\t\t<div\t\t\t\tclass=\"sow-icon-container sow-container-round\"\n\t\t\t\tstyle=\"color: #b28952; \"\n\t\t\t\ttitle=\"Icon\"\n\t\t\t\t\t\t\t>\n\t\t\t\t<span class=\"sow-icon-materialicons sowm-regular\" data-sow-icon=\"&#xe2eb\"\n\t\tstyle=\"font-size: 36px; color: #ffffff\" \n\t\taria-hidden=\"true\"><\/span>\t\t\t<\/div>\n\n\t\t\t<div class=\"textwidget\">\n\t\t\t\t\n\t\t\t\t\t\t\t\t\t<h5 class=\"sow-features-feature-title\">\n\t\t\t\t\t\tVotre estimation par un expert\t\t\t\t\t<\/h5>\n\t\t\t\t\n\t\t\t\t\t\t\t\t\t<div class=\"sow-features-feature-text\">\n\t\t\t\t\t<p>Nous prenons en compte toutes les sp\u00e9cificit\u00e9s de votre bien et vous proposons un tarif au plus juste du march\u00e9 local.<\/p>\n\t\t\t\t\t<\/div>\n\t\t\t\t\t\t\t\t<\/div>\n\t\t\t\t\t\t\t\t<\/li>\n\n\t\t\t<li\n\t\t\tclass=\"sow-features-feature sow-icon-container-position-top\"\n\t\t\tstyle=\"display: flex; flex-direction: column; width: calc(33.333% - 25px);\"\n\t\t>\n\t\t\t\n\t\t\t\t\t\t<div\t\t\t\tclass=\"sow-icon-container sow-container-round\"\n\t\t\t\tstyle=\"color: #b28952; \"\n\t\t\t\ttitle=\"Icon\"\n\t\t\t\t\t\t\t>\n\t\t\t\t<span class=\"sow-icon-materialicons sowm-regular\" data-sow-icon=\"&#xe85e\"\n\t\tstyle=\"font-size: 36px; color: #ffffff\" \n\t\taria-hidden=\"true\"><\/span>\t\t\t<\/div>\n\n\t\t\t<div class=\"textwidget\">\n\t\t\t\t\n\t\t\t\t\t\t\t\t\t<h5 class=\"sow-features-feature-title\">\n\t\t\t\t\t\tFichier acqu\u00e9reurs qualifi\u00e9s\t\t\t\t\t<\/h5>\n\t\t\t\t\n\t\t\t\t\t\t\t\t\t<div class=\"sow-features-feature-text\">\n\t\t\t\t\t<p>Nous informons de la mise en vente de votre bien \u00e0 tous notre fichier d\u2019acqu\u00e9reurs dont la demande correspond.<\/p>\n\t\t\t\t\t<\/div>\n\t\t\t\t\t\t\t\t<\/div>\n\t\t\t\t\t\t\t\t<\/li>\n\n\t<\/ul>\n<\/div>\t\t\t\t<\/div>\n\t\t\t\t<\/div>\n\t\t\t\t\t<\/div>\n\t\t\t\t<\/div>\n\t\t<div class=\"elementor-element elementor-element-104926a e-flex e-con-boxed e-con e-parent\" data-id=\"104926a\" data-element_type=\"container\" data-e-type=\"container\">\n\t\t\t\t\t<div class=\"e-con-inner\">\n\t\t\t\t<div class=\"elementor-element elementor-element-7d423fa elementor-widget elementor-widget-es-slider-widget\" data-id=\"7d423fa\" data-element_type=\"widget\" data-e-type=\"widget\" data-widget_type=\"es-slider-widget.default\">\n\t\t\t\t<div class=\"elementor-widget-container\">\n\t\t\t\t\t        <style>            #es-properties-slider-6a05cc560212f>.es-properties-slider>.slick-list {\n                margin: 0 -12px;\n            }\n\n            #es-properties-slider-6a05cc560212f>.es-properties-slider>.slick-list>.slick-track>.slick-slide {\n                 padding: 0 12px;\n            }\n        <\/style>\n        <div id=\"es-properties-slider-6a05cc560212f\" class=\"ert-properties-slider__wrapper ert-properties-slider__wrapper--v1\">\n                    <div class=\"ert-properties-slider__arrow\">\n                <a href=\"#\" class=\"slick-arrow slick-prev\">Pr\u00e9c\u00e9dent\n<\/a>\n                <span>|<\/span>\n                <a href=\"#\" class=\"slick-arrow slick-next\">Suivant\n<\/a>\n            <\/div>\n        \n        <div class=\"es-properties-slider ert-listing es-listings es-listings--grid es-listings--ignore-responsive es-properties-slider slick-hidden js-es-slick\" data-slick=\"{&quot;slidesToShow&quot;:3,&quot;arrows&quot;:true,&quot;autoplay&quot;:true,&quot;autoplaySpeed&quot;:5000,&quot;infinite&quot;:true,&quot;pauseOnHover&quot;:true,&quot;slide&quot;:&quot;div&quot;,&quot;rows&quot;:0,&quot;adaptiveHeight&quot;:true,&quot;prevArrow&quot;:&quot;#es-properties-slider-6a05cc560212f .slick-prev&quot;,&quot;nextArrow&quot;:&quot;#es-properties-slider-6a05cc560212f .slick-next&quot;}\"><div class=\"ert-property-item\">\n                                            <div class=\"js-es-listing ert-property-item properties es-listing--2740\" data-post-id=\"2740\">\n    <div class=\"ert-property-item__inner\">\n        <div class=\"ert-property-item__image \">\n    <div class=\"ert-property-item__image-inner\" style=\"background-image: url('https:\/\/maritimm.com\/wp-content\/uploads\/2025\/08\/IMG_8218.jpg'); background-size: cover;\">\n        <a href=\"https:\/\/maritimm.com\/index.php\/property\/exclusivite-en-premiere-ligne-du-golf-international-lacanau-ocean\/\">\n            <div class=\"ert-property-item__image-overlay\"><\/div>\n        <\/a>\n\n        <div class=\"erp-property-item__image-badges erp-property-item__image-badges--left-top\">\n                    <span style=\"background: #e99535 ;\" class=\"badge badge-light badge-coup-coeur\">\n            Coup de Coeur        <\/span>\n            <span style=\"background: #e2bd55 ;\" class=\"badge badge-light badge-exclusivite\">\n            Exclusivit\u00e9        <\/span>\n            <\/div>\n\n        <div class=\"erp-property-item__image-badges erp-property-item__image-badges--right-top\">\n            \t\t\t\t\t\t\t\t\t\t\t\t<a class=\"badge badge-dark badge-a-vendre\" target=\"_blank\" href=\"https:\/\/maritimm.com\/index.php\/property-category\/a-vendre\/\">\u00c0 Vendre<\/a>\n\t\t\t\t\t\t\t\t\t        <\/div>\n\n        <div class=\"ert-property-item__image-price\">\n            <span class=\"es-price\">572 000\u20ac<\/span>            <span class=\"es-price-note\">Honoraires agence inclus<\/span>        <\/div>\n\n        <div class=\"ert-property-control ert-property-control--property-image\">\n                        <a href=\"#\" data-popup-id=\"#es-authentication-popup\" class=\"js-es-popup-link\">\n            <span class=\"es-icon es-icon_scales\"><\/span>\n        <\/a>\n    \n            <a href=\"#\" data-popup-id=\"#es-authentication-popup\" class=\"js-es-wishlist-button js-es-popup-link\">\n            <i class=\"es-icon es-icon_heart\"><\/i>\n        <\/a>\n    \n    <a href=\"https:\/\/maritimm.com\/index.php\/property\/exclusivite-en-premiere-ligne-du-golf-international-lacanau-ocean\/\"><i class=\"fa fa-mail-forward\"><\/i><\/a>\n\n    <a href=\"#es-map-popup\" class=\"js-es-popup-link\" data-longitude=\"-1.194735\"\n       data-latitude=\"45.002137\"><i class=\"fa fa-map-marker\"><\/i><\/a>\n        <\/div>\n    <\/div>\n<\/div>\n\n        <div class=\"ert-property-item__content-wrap\">\n            <div class=\"ert-property-item__content\">\n                <h3><a href=\"https:\/\/maritimm.com\/index.php\/property\/exclusivite-en-premiere-ligne-du-golf-international-lacanau-ocean\/\">EXCLUSIVIT\u00c9 EN PREMIERE LIGNE DU GOLF INTERNATIONAL LACANAU OC\u00c9AN<\/a><\/h3>                                    <div class=\"ert-excerpt\">Maison traditionnelle d&rsquo;environ 80m2 expos\u00e9e Sud sur un terrain de...<\/div>\n                <div class=\"row ert-property-item__fields\">            <div class=\"col-auto\">\n\t\t\t\t\t\t\t\t\t\t\t\t\t\t\t<svg width=\"16\" height=\"16\" viewBox=\"0 0 16 16\" fill=\"none\" xmlns=\"http:\/\/www.w3.org\/2000\/svg\">\n                            <g clip-path=\"url(#clip0)\">\n                            <path d=\"M14 6.25H5.88533C5.74708 5.86037 5.49166 5.52307 5.15411 5.28435C4.81657 5.04563 4.41343 4.9172 4 4.91667H1.33333V3H0V12.9167H1.33333V11.5833H14.6667V12.9167H16V8.25C15.9994 7.71975 15.7885 7.21139 15.4136 6.83644C15.0386 6.4615 14.5303 6.2506 14 6.25ZM4 6.25C4.17675 6.2502 4.3462 6.3205 4.47119 6.44548C4.59617 6.57046 4.66647 6.73992 4.66667 6.91667V7.58333H1.33333V6.25H4ZM1.33333 8.91667H4.66667V10.25H1.33333V8.91667ZM6 7.58333H14C14.1768 7.58353 14.3462 7.65383 14.4712 7.77881C14.5962 7.9038 14.6665 8.07325 14.6667 8.25V10.25H6V7.58333Z\" fill=\"#B0BEC5\"\/>\n                            <\/g>\n                            <defs>\n                            <clipPath id=\"clip0\">\n                            <rect width=\"16\" height=\"16\" fill=\"white\"\/>\n                            <\/clipPath>\n                            <\/defs>\n                        <\/svg>\t\t\t\t\t\t\t\t\t\t\t\t\t<span><b>3<\/b> <span>des lits<\/span><\/span>\n            <\/div>\n\t\t            <div class=\"col-auto\">\n\t\t\t\t\t\t\t\t\t\t\t\t\t\t\t<svg width=\"16\" height=\"16\" viewBox=\"0 0 16 16\" fill=\"none\" xmlns=\"http:\/\/www.w3.org\/2000\/svg\">\n                            <path fill-rule=\"evenodd\" clip-rule=\"evenodd\" d=\"M15.3334 10.6667V5.33333C15.3334 4.59695 14.7364 4 14 4H2.00002C1.26364 4 0.666687 4.59695 0.666687 5.33333V10.6667C0.666687 11.403 1.26364 12 2.00002 12H14C14.7364 12 15.3334 11.403 15.3334 10.6667ZM2.00002 5.33333H3.33335V7.33333H4.66669V5.33333H6.00002V8.66667H7.33335V5.33333H8.66669V7.33333H10V5.33333H11.3334V8.66667H12.6667V5.33333H14V10.6667H2.00002V5.33333Z\" fill=\"#B0BEC5\"\/>\n                        <\/svg>\t\t\t\t\t\t\t\t\t\t\t\t\t<span><b>81<\/b> <span>m\u00b2<\/span><\/span>\n            <\/div>\n\t\t<\/div><span class=\"ert-property-types\"><a href=\"https:\/\/maritimm.com\/index.php\/property-type\/maison\/\" rel=\"tag\">Maison<\/a><\/span>            <\/div>\n\n            <div class=\"ert-property-item__footer\">\n                                    <a href=\"#es-map-popup\" class=\"js-es-popup-link es-map-view-link es-hover-show\" data-longitude=\"-1.194735\"\n                       data-latitude=\"45.002137\">View on map<\/a>\n                \n                <a href=\"https:\/\/maritimm.com\/index.php\/property\/exclusivite-en-premiere-ligne-du-golf-international-lacanau-ocean\/\" class=\"btn btn-light\">Voir les d\u00e9tails\n<\/a>\n            <\/div>\n        <\/div>\n    <\/div>\n<\/div>\n                                    <\/div><div class=\"ert-property-item\">\n                                            <div class=\"js-es-listing ert-property-item properties es-listing--2098\" data-post-id=\"2098\">\n    <div class=\"ert-property-item__inner\">\n        <div class=\"ert-property-item__image \">\n    <div class=\"ert-property-item__image-inner\" style=\"background-image: url('https:\/\/maritimm.com\/wp-content\/uploads\/2024\/02\/GOLF-2.png'); background-size: cover;\">\n        <a href=\"https:\/\/maritimm.com\/index.php\/property\/hotel-du-golf\/\">\n            <div class=\"ert-property-item__image-overlay\"><\/div>\n        <\/a>\n\n        <div class=\"erp-property-item__image-badges erp-property-item__image-badges--left-top\">\n                    <span style=\"background: #dd6e85 ;\" class=\"badge badge-light badge-vendu\">\n            Vendu        <\/span>\n            <\/div>\n\n        <div class=\"erp-property-item__image-badges erp-property-item__image-badges--right-top\">\n            \t\t\t\t\t\t\t\t\t\t\t\t<a class=\"badge badge-dark badge-a-vendre\" target=\"_blank\" href=\"https:\/\/maritimm.com\/index.php\/property-category\/a-vendre\/\">\u00c0 Vendre<\/a>\n\t\t\t\t\t\t\t\t\t        <\/div>\n\n        <div class=\"ert-property-item__image-price\">\n                                <\/div>\n\n        <div class=\"ert-property-control ert-property-control--property-image\">\n                        <a href=\"#\" data-popup-id=\"#es-authentication-popup\" class=\"js-es-popup-link\">\n            <span class=\"es-icon es-icon_scales\"><\/span>\n        <\/a>\n    \n            <a href=\"#\" data-popup-id=\"#es-authentication-popup\" class=\"js-es-wishlist-button js-es-popup-link\">\n            <i class=\"es-icon es-icon_heart\"><\/i>\n        <\/a>\n    \n    <a href=\"https:\/\/maritimm.com\/index.php\/property\/hotel-du-golf\/\"><i class=\"fa fa-mail-forward\"><\/i><\/a>\n\n    <a href=\"#es-map-popup\" class=\"js-es-popup-link\" data-longitude=\"-1.1803616\"\n       data-latitude=\"44.99890629999999\"><i class=\"fa fa-map-marker\"><\/i><\/a>\n        <\/div>\n    <\/div>\n<\/div>\n\n        <div class=\"ert-property-item__content-wrap\">\n            <div class=\"ert-property-item__content\">\n                <h3><a href=\"https:\/\/maritimm.com\/index.php\/property\/hotel-du-golf\/\">H\u00d4TEL DU GOLF<\/a><\/h3>                <span class=\"ert-address\">Domaine de l\u2019Ardilouse, 33680 Lacanau-Oc\u00e9an, France<\/span>                    <div class=\"ert-excerpt\">Situ\u00e9 au pied du parcours de golf 18 trous de...<\/div>\n                <div class=\"row ert-property-item__fields\">            <div class=\"col-auto\">\n\t\t\t\t\t\t\t\t\t\t\t\t\t\t\t<svg width=\"16\" height=\"16\" viewBox=\"0 0 16 16\" fill=\"none\" xmlns=\"http:\/\/www.w3.org\/2000\/svg\">\n                            <g clip-path=\"url(#clip0)\">\n                            <path d=\"M14 6.25H5.88533C5.74708 5.86037 5.49166 5.52307 5.15411 5.28435C4.81657 5.04563 4.41343 4.9172 4 4.91667H1.33333V3H0V12.9167H1.33333V11.5833H14.6667V12.9167H16V8.25C15.9994 7.71975 15.7885 7.21139 15.4136 6.83644C15.0386 6.4615 14.5303 6.2506 14 6.25ZM4 6.25C4.17675 6.2502 4.3462 6.3205 4.47119 6.44548C4.59617 6.57046 4.66647 6.73992 4.66667 6.91667V7.58333H1.33333V6.25H4ZM1.33333 8.91667H4.66667V10.25H1.33333V8.91667ZM6 7.58333H14C14.1768 7.58353 14.3462 7.65383 14.4712 7.77881C14.5962 7.9038 14.6665 8.07325 14.6667 8.25V10.25H6V7.58333Z\" fill=\"#B0BEC5\"\/>\n                            <\/g>\n                            <defs>\n                            <clipPath id=\"clip0\">\n                            <rect width=\"16\" height=\"16\" fill=\"white\"\/>\n                            <\/clipPath>\n                            <\/defs>\n                        <\/svg>\t\t\t\t\t\t\t\t\t\t\t\t\t<span><b>50<\/b> <span>des lits<\/span><\/span>\n            <\/div>\n\t\t<\/div><span class=\"ert-property-types\"><a href=\"https:\/\/maritimm.com\/index.php\/property-type\/autre\/\" rel=\"tag\">Autre<\/a><\/span>            <\/div>\n\n            <div class=\"ert-property-item__footer\">\n                                    <a href=\"#es-map-popup\" class=\"js-es-popup-link es-map-view-link es-hover-show\" data-longitude=\"-1.1803616\"\n                       data-latitude=\"44.99890629999999\">View on map<\/a>\n                \n                <a href=\"https:\/\/maritimm.com\/index.php\/property\/hotel-du-golf\/\" class=\"btn btn-light\">Voir les d\u00e9tails\n<\/a>\n            <\/div>\n        <\/div>\n    <\/div>\n<\/div>\n                                    <\/div><\/div>\n    <\/div>\n    \t\t\t\t<\/div>\n\t\t\t\t<\/div>\n\t\t\t\t\t<\/div>\n\t\t\t\t<\/div>\n\t\t\t\t<\/div>\n\t\t","protected":false},"excerpt":{"rendered":"Vendre votre bien Toute notre expertise pour une transaction sans...","protected":false},"author":1,"featured_media":0,"parent":0,"menu_order":0,"comment_status":"closed","ping_status":"closed","template":"elementor_header_footer","meta":{"footnotes":""},"folder":[470],"class_list":["post-1995","page","type-page","status-publish","hentry"],"_links":{"self":[{"href":"https:\/\/maritimm.com\/index.php\/wp-json\/wp\/v2\/pages\/1995","targetHints":{"allow":["GET"]}}],"collection":[{"href":"https:\/\/maritimm.com\/index.php\/wp-json\/wp\/v2\/pages"}],"about":[{"href":"https:\/\/maritimm.com\/index.php\/wp-json\/wp\/v2\/types\/page"}],"author":[{"embeddable":true,"href":"https:\/\/maritimm.com\/index.php\/wp-json\/wp\/v2\/users\/1"}],"replies":[{"embeddable":true,"href":"https:\/\/maritimm.com\/index.php\/wp-json\/wp\/v2\/comments?post=1995"}],"version-history":[{"count":45,"href":"https:\/\/maritimm.com\/index.php\/wp-json\/wp\/v2\/pages\/1995\/revisions"}],"predecessor-version":[{"id":2253,"href":"https:\/\/maritimm.com\/index.php\/wp-json\/wp\/v2\/pages\/1995\/revisions\/2253"}],"wp:attachment":[{"href":"https:\/\/maritimm.com\/index.php\/wp-json\/wp\/v2\/media?parent=1995"}],"wp:term":[{"taxonomy":"folder","embeddable":true,"href":"https:\/\/maritimm.com\/index.php\/wp-json\/wp\/v2\/folder?post=1995"}],"curies":[{"name":"wp","href":"https:\/\/api.w.org\/{rel}","templated":true}]}}