{"id":177,"date":"2019-05-11T08:13:45","date_gmt":"2019-05-11T08:13:45","guid":{"rendered":"http:\/\/realtorstage.estatik.net\/?page_id=177"},"modified":"2024-01-24T11:28:17","modified_gmt":"2024-01-24T10:28:17","slug":"profile","status":"publish","type":"page","link":"https:\/\/maritimm.com\/index.php\/profile\/","title":{"rendered":"Profile"},"content":{"rendered":"<div class=\"es-auth js-es-auth content-font\">\n    \t    \t    <div class=\"es-auth__item es-auth__login-buttons \">\n\t        <h3 class=\"heading-font\">Connectez-vous ou Cr\u00e9ez un compte<\/h3>\n\t\n\t        <p>Et conservez vos biens favoris, vos messages aupr\u00e8s de nos agents et leurs contacts<\/p>\n\t\n\t\t\t\t\t\t\t        <a href=\"#\" data-auth-item=\"login-form\" class=\"js-es-auth-item__switcher es-btn es-btn--default es-btn--auth \">\n\t\t\tConnectez-vous avec e-mail\n        <\/a>\n\t\n\t        <p class=\"sign-in-text\">Vous n'avez pas de compte\u00a0? <a href=\"#\" data-auth-item=\"buyer-register-buttons\" class=\"js-es-auth-item__switcher\">S'inscrire<\/a><\/p>\n    \n    <div class=\"es-space\"><\/div>\n\n    \t<div class=\"es-auth-footer\">\n\t\t<div class=\"es-auth-footer__inner\">\n\t\t\t<div class=\"es-auth-footer__left\">\n\t\t\t\t<span class=\"es-icon es-icon_glasses es-secondary-color\"><\/span>\n\t\t\t\t<div class=\"es-auth-footer__content\">\n\t\t\t\t\t<b>Professionnel de l'immobilier ?<\/b>\n\t\t\t\t\t<p>G\u00e9rez vos annonces, votre profil et plus encore.\n<\/p>\n\t\t\t\t<\/div>\n\t\t\t<\/div>\n\t\t\t<a href=\"#\" data-auth-item=\"agent-register-buttons\" class=\"js-es-auth-item__switcher es-btn es-btn--secondary es-btn--bordered\">Inscrivez-vous en tant qu'agent\n<\/a>\n\t\t<\/div>\n\t<\/div>\n<\/div>\n\t    <div class=\"es-auth__item js-es-auth__login-form es-auth__login-form es-auth__item--hidden\">\n\t        <h3 class=\"heading-font\">Connectez-vous ou Cr\u00e9ez un compte<\/h3>\n\t\n\t        <p>Et conservez vos biens favoris, vos messages aupr\u00e8s de nos agents et leurs contacts<\/p>\n\t\n    <div class=\"all-login-back\">\n        <a href=\"#\" data-auth-item=\"login-buttons\" class=\"js-es-auth-item__switcher\">\n            <span class=\"es-icon es-icon_chevron-left\"><\/span>Toutes les options de connexion        <\/a>\n    <\/div>\n\n    <form action=\"\" method=\"POST\">\n\t\t\n                               <div class='es-field es-field__es_user_login es-field--text '>\n                                   <label for='es_user_login-6a042586c6d50'><span class='es-field__label'>Email<\/span><input id=\"es_user_login-6a042586c6d50\" name=\"es_user_login\" class=\"es-field__input\" required=\"required\" autocomplete=\"username\" type=\"text\" value=\"\" \/><\/label>\n                               <\/div>\n                           \n                                   <div class='es-field es-field__es_user_password es-field--password '>\n                                       <label for='es_user_password-6a042586c6ddd'><span class='es-field__label'>Mot de passe<\/span><div class='es-input__wrap'><input id=\"es_user_password-6a042586c6ddd\" name=\"es_user_password\" class=\"es-field__input\" required=\"required\" autocomplete=\"current-password\" type=\"password\" value=\"\" \/><a href='#' aria-label='Show or Hide password' class='es-toggle-pwd js-es-toggle-pwd'><span class='es-icon es-icon_eye'><\/span><\/a><\/div><\/label>\n                                   <\/div>\n                                       <div class=\"forgot-pwd\">\n            <a href=\"#\" data-auth-item=\"reset-form\" class=\"js-es-auth-item__switcher\">Mot de passe oubli\u00e9?\n<\/a>\n        <\/div>\n\n\t\t        <input type=\"hidden\" name=\"uniqid\" value=\"6a042586c6df8\"\/>\n\t\t<input type=\"hidden\" id=\"es_auth_nonce_6a042586c6df8\" name=\"es_auth_nonce_6a042586c6df8\" value=\"9ff0103cb2\" \/><input type=\"hidden\" name=\"_wp_http_referer\" value=\"\/index.php\/wp-json\/wp\/v2\/pages\/177\" \/>\t            <button type=\"submit\" class=\"es-btn es-btn--primary js-es-btn--login es-btn--login\" disabled>Connexion\n<\/button>\n    <\/form>\n\n\t        <p class=\"sign-in-text\">Vous n'avez pas de compte\u00a0? <a href=\"#\" class=\"js-es-auth-item__switcher\" data-auth-item=\"buyer-register-buttons\">S'inscrire<\/a><\/p>\n        <div class=\"es-space\"><\/div>\n<\/div>\n\t    <div class=\"es-auth__item es-auth__reset-form es-auth__item--hidden\">\n    <h3 class=\"heading-font\">Reset password<\/h3>\n    <p>Entrez votre adresse e-mail et nous vous enverrons un lien pour changer votre mot de passe.<\/p>\n\n    <form action=\"\" method=\"POST\">\n\t\t\n        <input type=\"hidden\" name=\"uniqid\" value=\"6a042586c6e63\"\/>\n\n\t\t\t\t\t\n                               <div class='es-field es-field__es_user_email es-field--email '>\n                                   <label for='es_user_email-6a042586c6e67'><span class='es-field__label'>Email<\/span><input id=\"es_user_email-6a042586c6e67\" name=\"es_user_email\" class=\"es-field__input\" required=\"required\" autocomplete=\"username\" type=\"email\" value=\"\" \/><\/label>\n                               <\/div>\n                           \t\t\t<input type=\"hidden\" id=\"es_retrieve_pwd_nonce_6a042586c6e63\" name=\"es_retrieve_pwd_nonce_6a042586c6e63\" value=\"5fa53d1325\" \/><input type=\"hidden\" name=\"_wp_http_referer\" value=\"\/index.php\/wp-json\/wp\/v2\/pages\/177\" \/>\t\t\t            <button type=\"submit\" class=\"es-btn es-btn--primary es-btn--reset\">Envoyer le lien de r\u00e9initialisation<\/button>\n\t\t\n        <div><a href=\"#\" data-auth-item=\"login-buttons\" class=\"js-es-auth-item__switcher login-back\"><span class=\"es-icon es-icon_chevron-left\"><\/span>Retour \u00e0 la connexion<\/a><\/div>\n    <\/form>\n    <div class=\"es-space\"><\/div>\n<\/div>\n\t                <div class=\"es-auth__item es-auth__buyer-register-buttons es-auth__item--hidden\">\n\t        <h3 class=\"heading-font\">Commen\u00e7ons \u00e0 cr\u00e9er votre compte<\/h3>\n\t\n\t        <p>Et conservez vos biens favoris, vos messages aupr\u00e8s de nos agents et leurs contacts<\/p>\n\t\n\t\t\t\t\t\t\t        <a href=\"#\" data-auth-item=\"buyer-register-form\" class=\"js-es-auth-item__switcher es-btn es-btn--default es-btn--auth \">Inscrivez-vous avec l'adresse e-mail<\/a>\n\t\n    <p class=\"sign-in-text\">Vous avez d\u00e9j\u00e0 un compte? <a href=\"#\" data-auth-item=\"login-buttons\" class=\"js-es-auth-item__switcher\">S'identifier<\/a><\/p>\n    <div class=\"es-space\"><\/div>\n\t\t<div class=\"es-auth-footer\">\n\t\t<div class=\"es-auth-footer__inner\">\n\t\t\t<div class=\"es-auth-footer__left\">\n\t\t\t\t<span class=\"es-icon es-icon_glasses es-secondary-color\"><\/span>\n\t\t\t\t<div class=\"es-auth-footer__content\">\n\t\t\t\t\t<b>Professionnel de l'immobilier ?<\/b>\n\t\t\t\t\t<p>G\u00e9rez vos annonces, votre profil et plus encore.\n<\/p>\n\t\t\t\t<\/div>\n\t\t\t<\/div>\n\t\t\t<a href=\"#\" data-auth-item=\"agent-register-buttons\" class=\"js-es-auth-item__switcher es-btn es-btn--secondary es-btn--bordered\">Inscrivez-vous en tant qu'agent\n<\/a>\n\t\t<\/div>\n\t<\/div>\n<\/div>\n            <div class=\"es-auth__item es-auth__buyer-register-form es-auth__item--hidden\">\n\t        <h3 class=\"heading-font\">Commen\u00e7ons \u00e0 cr\u00e9er votre compte<\/h3>\n\t\n\t        <p>Et conservez vos biens favoris, vos messages aupr\u00e8s de nos agents et leurs contacts<\/p>\n\t\n    <div class=\"all-login-back\">\n        <a href=\"#\" class=\"js-es-auth-item__switcher\" data-auth-item=\"buyer-register-buttons\">\n            <span class=\"es-icon es-icon_chevron-left\"><\/span>Toutes les options d'inscription        <\/a>\n    <\/div>\n\n    <form action=\"\" method=\"POST\">\n\t\t        <input type=\"hidden\" name=\"uniqid\" value=\"6a042586c6f17\"\/>\n        <input type=\"hidden\" id=\"es_register_nonce_6a042586c6f17\" name=\"es_register_nonce_6a042586c6f17\" value=\"057f8bbe82\" \/><input type=\"hidden\" name=\"_wp_http_referer\" value=\"\/index.php\/wp-json\/wp\/v2\/pages\/177\" \/><input id=\"redirect_url-6a042586c6f28\" name=\"redirect_url\" class=\"es-field__input\" type=\"hidden\" \/><input id=\"es_type-6a042586c6f3b\" name=\"es_type\" class=\"es-field__input\" type=\"hidden\" value=\"buyer\" \/>\n                               <div class='es-field es-field__es_extra_info es-field--text '>\n                                   <label for='es_extra_info-6a042586c6f47'><input id=\"es_extra_info-6a042586c6f47\" name=\"es_extra_info\" class=\"es-field__input\" type=\"text\" value=\"\" \/><\/label>\n                               <\/div>\n                           \n                               <div class='es-field es-field__es_user_email es-field--email '>\n                                   <label for='es_user_email-6a042586c6f5c'><span class='es-field__label'>Email<\/span><input id=\"es_user_email-6a042586c6f5c\" name=\"es_user_email\" class=\"es-field__input\" required=\"required\" autocomplete=\"username\" type=\"email\" value=\"\" \/><p class='es-field__description'>Vous l'utiliserez pour vous connecter et nous l'utiliserons pour vous contacter.<\/p><\/label>\n                               <\/div>\n                           \n                                   <div class='es-field es-field__es_user_password es-field--password '>\n                                       <label for='es_user_password-6a042586c6f72'><span class='es-field__label'>Mot de passe<\/span><div class='es-input__wrap'><input id=\"es_user_password-6a042586c6f72\" name=\"es_user_password\" class=\"js-es-password-field es-field__input\" required=\"required\" minlength=\"8\" autocomplete=\"new-password\" type=\"password\" value=\"\" \/><a href='#' aria-label='Show or Hide password' class='es-toggle-pwd js-es-toggle-pwd'><span class='es-icon es-icon_eye'><\/span><\/a><\/div><p class='es-field__description'><ul class='es-field__validate-list'>\n                                <li class='es-validate-item es-validate-item__contain'>Ne peut pas contenir le nom ou l'adresse e-mail<\/li>\n                                <li class='es-validate-item es-validate-item__length'>Au moins 8 caract\u00e8res<\/li>\n                                <li class='es-validate-item es-validate-item__char'>Contient un chiffre ou un symbole<\/li>\n                            <\/ul><\/p><\/label>\n                                   <\/div>\n                               \n\t    \n        <button type=\"submit\" disabled class=\"es-btn es-btn--primary es-btn--signup\">S'inscrire<\/button>\n\t\t<div class='es-privacy-policy-container'><div class='es-terms-text'>En cliquant sur le bouton \u00abS'INSCRIRE\u00bb, vous acceptez les Conditions d'utilisation et Politique de confidentialit\u00e9<\/div><\/div>        <p class=\"sign-in-text\">Vous avez d\u00e9j\u00e0 un compte? <a href=\"#\" class=\"js-es-auth-item__switcher\" data-auth-item=\"login-buttons\">S'identifier<\/a><\/p>\n    <\/form>\n    <div class=\"es-space\"><\/div>\n\t\t<div class=\"es-auth-footer\">\n\t\t<div class=\"es-auth-footer__inner\">\n\t\t\t<div class=\"es-auth-footer__left\">\n\t\t\t\t<span class=\"es-icon es-icon_glasses es-secondary-color\"><\/span>\n\t\t\t\t<div class=\"es-auth-footer__content\">\n\t\t\t\t\t<b>Professionnel de l'immobilier ?<\/b>\n\t\t\t\t\t<p>G\u00e9rez vos annonces, votre profil et plus encore.\n<\/p>\n\t\t\t\t<\/div>\n\t\t\t<\/div>\n\t\t\t<a href=\"#\" data-auth-item=\"agent-register-buttons\" class=\"js-es-auth-item__switcher es-btn es-btn--secondary es-btn--bordered\">Inscrivez-vous en tant qu'agent\n<\/a>\n\t\t<\/div>\n\t<\/div>\n<\/div>\n        \t                <div class=\"es-auth__item es-auth__agent-register-form es-auth__item--hidden\">\n\t\t\t<h3 class=\"heading-font\">Cr\u00e9ez votre compte Agent<\/h3>\n\t\n\t\t\t<p>G\u00e9rez vos biens, demandes d\\'informations et plus encore<\/p>\n\t\n\t<div class=\"all-login-back\">\n\t\t<a href=\"#\" class=\"js-es-auth-item__switcher\" data-auth-item=\"agent-register-buttons\">\n\t\t\t<span class=\"es-icon es-icon_chevron-left\"><\/span>Toutes les options d'inscription\t\t<\/a>\n\t<\/div>\n\n\t<form action=\"\" method=\"POST\">\n\t\t        <input type=\"hidden\" name=\"uniqid\" value=\"6a042586c7023\"\/>\n        <input type=\"hidden\" id=\"es_register_nonce_6a042586c7023\" name=\"es_register_nonce_6a042586c7023\" value=\"057f8bbe82\" \/><input type=\"hidden\" name=\"_wp_http_referer\" value=\"\/index.php\/wp-json\/wp\/v2\/pages\/177\" \/><input id=\"redirect_url-6a042586c703a\" name=\"redirect_url\" class=\"es-field__input\" type=\"hidden\" value=\"\" \/><input id=\"es_type-6a042586c704b\" name=\"es_type\" class=\"es-field__input\" type=\"hidden\" value=\"agent\" \/>\n                               <div class='es-field es-field__es_extra_info es-field--text '>\n                                   <label for='es_extra_info-6a042586c7056'><input id=\"es_extra_info-6a042586c7056\" name=\"es_extra_info\" class=\"es-field__input\" type=\"text\" value=\"\" \/><\/label>\n                               <\/div>\n                           \n                               <div class='es-field es-field__es_user_email es-field--email '>\n                                   <label for='es_user_email-6a042586c7069'><span class='es-field__label'>Email *<\/span><input id=\"es_user_email-6a042586c7069\" name=\"es_user_email\" class=\"es-field__input\" required=\"required\" type=\"email\" value=\"\" \/><p class='es-field__description'>Vous l'utiliserez pour vous connecter et nous l'utiliserons pour vous contacter.<\/p><\/label>\n                               <\/div>\n                           \n                               <div class='es-field es-field__es_phone es-field--phone '>\n                                   <div><span class='es-field__label'>T\u00e9l\u00e9phoner<\/span>\n                               <div class='js-es-field es-field es-field__code es-field--select '>\n                                   <label for='es-field-code-6a042586c7213'>\n\t\t\t<select id=\"es-field-code-6a042586c7213\" name=\"es_phone[code]\" class=\"js-es-phone-field es-field__input\" data-codes=\"{&quot;US&quot;:&quot;+1&quot;,&quot;CA&quot;:&quot;+1&quot;,&quot;GB&quot;:&quot;+44&quot;,&quot;PL&quot;:&quot;+48&quot;,&quot;DE&quot;:&quot;+49&quot;,&quot;ES&quot;:&quot;+34&quot;,&quot;FR&quot;:&quot;+33&quot;,&quot;AU&quot;:&quot;+61&quot;,&quot;AT&quot;:&quot;+43&quot;,&quot;BE&quot;:&quot;+32&quot;,&quot;CL&quot;:&quot;+56&quot;,&quot;CY&quot;:&quot;+357&quot;,&quot;CZ&quot;:&quot;+420&quot;,&quot;DK&quot;:&quot;+45&quot;,&quot;EG&quot;:&quot;+20&quot;,&quot;FI&quot;:&quot;+358&quot;,&quot;GE&quot;:&quot;+995&quot;,&quot;GR&quot;:&quot;+30&quot;,&quot;IL&quot;:&quot;+972&quot;,&quot;LV&quot;:&quot;+371&quot;,&quot;LT&quot;:&quot;+370&quot;,&quot;MC&quot;:&quot;+377&quot;,&quot;NL&quot;:&quot;+31&quot;,&quot;PH&quot;:&quot;+63&quot;,&quot;PT&quot;:&quot;+351&quot;,&quot;SE&quot;:&quot;+46&quot;,&quot;IT&quot;:&quot;+39&quot;,&quot;ZA&quot;:&quot;+27&quot;}\" data-icons=\"{&quot;US&quot;:&quot;https:\\\/\\\/maritimm.com\\\/wp-content\\\/plugins\\\/Estatik-estatik-plugin-4-fa1ae92f11c7\\\/\\\/public\\\/img\\\/flags\\\/united-states-of-america-flag.svg&quot;,&quot;CA&quot;:&quot;https:\\\/\\\/maritimm.com\\\/wp-content\\\/plugins\\\/Estatik-estatik-plugin-4-fa1ae92f11c7\\\/\\\/public\\\/img\\\/flags\\\/canada-flag.svg&quot;,&quot;GB&quot;:&quot;https:\\\/\\\/maritimm.com\\\/wp-content\\\/plugins\\\/Estatik-estatik-plugin-4-fa1ae92f11c7\\\/\\\/public\\\/img\\\/flags\\\/united-kingdom-flag.svg&quot;,&quot;PL&quot;:&quot;https:\\\/\\\/maritimm.com\\\/wp-content\\\/plugins\\\/Estatik-estatik-plugin-4-fa1ae92f11c7\\\/\\\/public\\\/img\\\/flags\\\/poland-flag.svg&quot;,&quot;DE&quot;:&quot;https:\\\/\\\/maritimm.com\\\/wp-content\\\/plugins\\\/Estatik-estatik-plugin-4-fa1ae92f11c7\\\/\\\/public\\\/img\\\/flags\\\/germany-flag.svg&quot;,&quot;ES&quot;:&quot;https:\\\/\\\/maritimm.com\\\/wp-content\\\/plugins\\\/Estatik-estatik-plugin-4-fa1ae92f11c7\\\/\\\/public\\\/img\\\/flags\\\/spain-flag.svg&quot;,&quot;FR&quot;:&quot;https:\\\/\\\/maritimm.com\\\/wp-content\\\/plugins\\\/Estatik-estatik-plugin-4-fa1ae92f11c7\\\/\\\/public\\\/img\\\/flags\\\/france-flag.svg&quot;,&quot;AU&quot;:&quot;https:\\\/\\\/maritimm.com\\\/wp-content\\\/plugins\\\/Estatik-estatik-plugin-4-fa1ae92f11c7\\\/\\\/public\\\/img\\\/flags\\\/australia-flag.svg&quot;,&quot;AT&quot;:&quot;https:\\\/\\\/maritimm.com\\\/wp-content\\\/plugins\\\/Estatik-estatik-plugin-4-fa1ae92f11c7\\\/\\\/public\\\/img\\\/flags\\\/austria-flag.svg&quot;,&quot;BE&quot;:&quot;https:\\\/\\\/maritimm.com\\\/wp-content\\\/plugins\\\/Estatik-estatik-plugin-4-fa1ae92f11c7\\\/\\\/public\\\/img\\\/flags\\\/belgium-flag.svg&quot;,&quot;CL&quot;:&quot;https:\\\/\\\/maritimm.com\\\/wp-content\\\/plugins\\\/Estatik-estatik-plugin-4-fa1ae92f11c7\\\/\\\/public\\\/img\\\/flags\\\/chile-flag.svg&quot;,&quot;CY&quot;:&quot;https:\\\/\\\/maritimm.com\\\/wp-content\\\/plugins\\\/Estatik-estatik-plugin-4-fa1ae92f11c7\\\/\\\/public\\\/img\\\/flags\\\/cyprus-flag.svg&quot;,&quot;CZ&quot;:&quot;https:\\\/\\\/maritimm.com\\\/wp-content\\\/plugins\\\/Estatik-estatik-plugin-4-fa1ae92f11c7\\\/\\\/public\\\/img\\\/flags\\\/czech-republic-flag.svg&quot;,&quot;DK&quot;:&quot;https:\\\/\\\/maritimm.com\\\/wp-content\\\/plugins\\\/Estatik-estatik-plugin-4-fa1ae92f11c7\\\/\\\/public\\\/img\\\/flags\\\/denmark-flag.svg&quot;,&quot;EG&quot;:&quot;https:\\\/\\\/maritimm.com\\\/wp-content\\\/plugins\\\/Estatik-estatik-plugin-4-fa1ae92f11c7\\\/\\\/public\\\/img\\\/flags\\\/egypt-flag.svg&quot;,&quot;FI&quot;:&quot;https:\\\/\\\/maritimm.com\\\/wp-content\\\/plugins\\\/Estatik-estatik-plugin-4-fa1ae92f11c7\\\/\\\/public\\\/img\\\/flags\\\/finland-flag.svg&quot;,&quot;GE&quot;:&quot;https:\\\/\\\/maritimm.com\\\/wp-content\\\/plugins\\\/Estatik-estatik-plugin-4-fa1ae92f11c7\\\/\\\/public\\\/img\\\/flags\\\/georgia-flag.svg&quot;,&quot;GR&quot;:&quot;https:\\\/\\\/maritimm.com\\\/wp-content\\\/plugins\\\/Estatik-estatik-plugin-4-fa1ae92f11c7\\\/\\\/public\\\/img\\\/flags\\\/greece-flag.svg&quot;,&quot;IL&quot;:&quot;https:\\\/\\\/maritimm.com\\\/wp-content\\\/plugins\\\/Estatik-estatik-plugin-4-fa1ae92f11c7\\\/\\\/public\\\/img\\\/flags\\\/israel-flag.svg&quot;,&quot;LV&quot;:&quot;https:\\\/\\\/maritimm.com\\\/wp-content\\\/plugins\\\/Estatik-estatik-plugin-4-fa1ae92f11c7\\\/\\\/public\\\/img\\\/flags\\\/latvia-flag.svg&quot;,&quot;LT&quot;:&quot;https:\\\/\\\/maritimm.com\\\/wp-content\\\/plugins\\\/Estatik-estatik-plugin-4-fa1ae92f11c7\\\/\\\/public\\\/img\\\/flags\\\/lithuania-flag.svg&quot;,&quot;MC&quot;:&quot;https:\\\/\\\/maritimm.com\\\/wp-content\\\/plugins\\\/Estatik-estatik-plugin-4-fa1ae92f11c7\\\/\\\/public\\\/img\\\/flags\\\/monaco-flag.svg&quot;,&quot;NL&quot;:&quot;https:\\\/\\\/maritimm.com\\\/wp-content\\\/plugins\\\/Estatik-estatik-plugin-4-fa1ae92f11c7\\\/\\\/public\\\/img\\\/flags\\\/netherlands-flag.svg&quot;,&quot;PH&quot;:&quot;https:\\\/\\\/maritimm.com\\\/wp-content\\\/plugins\\\/Estatik-estatik-plugin-4-fa1ae92f11c7\\\/\\\/public\\\/img\\\/flags\\\/philippines-flag.svg&quot;,&quot;PT&quot;:&quot;https:\\\/\\\/maritimm.com\\\/wp-content\\\/plugins\\\/Estatik-estatik-plugin-4-fa1ae92f11c7\\\/\\\/public\\\/img\\\/flags\\\/portugal-flag.svg&quot;,&quot;SE&quot;:&quot;https:\\\/\\\/maritimm.com\\\/wp-content\\\/plugins\\\/Estatik-estatik-plugin-4-fa1ae92f11c7\\\/\\\/public\\\/img\\\/flags\\\/sweden-flag.svg&quot;,&quot;IT&quot;:&quot;https:\\\/\\\/maritimm.com\\\/wp-content\\\/plugins\\\/Estatik-estatik-plugin-4-fa1ae92f11c7\\\/\\\/public\\\/img\\\/flags\\\/italy-flag.svg&quot;,&quot;ZA&quot;:&quot;https:\\\/\\\/maritimm.com\\\/wp-content\\\/plugins\\\/Estatik-estatik-plugin-4-fa1ae92f11c7\\\/\\\/public\\\/img\\\/flags\\\/south-africa-flag.svg&quot;}\" ><option value=\"US\" >Etats-Unis<\/option><option value=\"CA\" >Canada\n<\/option><option value=\"GB\" >Grande Bretagne<\/option><option value=\"PL\" >Poland<\/option><option value=\"DE\" >Allemagne\n<\/option><option value=\"ES\" >Espagne\n<\/option><option value=\"FR\" >La France\n<\/option><option value=\"AU\" >Australia<\/option><option value=\"AT\" >Austria<\/option><option value=\"BE\" >Belgium<\/option><option value=\"CL\" >Chile<\/option><option value=\"CY\" >Cyprus<\/option><option value=\"CZ\" >Czech Republic<\/option><option value=\"DK\" >Denmark<\/option><option value=\"EG\" >Egypt<\/option><option value=\"FI\" >Finland<\/option><option value=\"GE\" >Georgia<\/option><option value=\"GR\" >Greece<\/option><option value=\"IL\" >Israel<\/option><option value=\"LV\" >Latvia<\/option><option value=\"LT\" >Lithuania<\/option><option value=\"MC\" >Monaco<\/option><option value=\"NL\" >Netherlands<\/option><option value=\"PH\" >Philippines<\/option><option value=\"PT\" >Portugal<\/option><option value=\"SE\" >Sweden<\/option><option value=\"IT\" >Italy<\/option><option value=\"ZA\" >South Africa<\/option><option value=\"0\" >Autre<\/option><\/select>\n\t\t<\/label>\n                               <\/div>\n                           \n                               <div class='es-field es-field__tel es-field--text '>\n                                   <label for='es-field-tel-6a042586c7215'><input id=\"es-field-tel-6a042586c7215\" name=\"es_phone[tel]\" class=\"js-es-phone es-field__input\" maxlength=\"40\" minlength=\"4\" pattern=\"+?[0-9]+\" type=\"text\" value=\"\" \/><\/label>\n                               <\/div>\n                           <p class='es-field__description'>Les acheteurs l'utiliseront pour vous contacter.<\/p><\/div>\n                               <\/div>\n                           \n                                   <div class='es-field es-field__es_user_password es-field--password '>\n                                       <label for='es_user_password-6a042586c7374'><span class='es-field__label'>Mot de passe *<\/span><div class='es-input__wrap'><input id=\"es_user_password-6a042586c7374\" name=\"es_user_password\" class=\"js-es-password-field es-field__input\" required=\"required\" minlength=\"8\" type=\"password\" value=\"\" \/><a href='#' aria-label='Show or Hide password' class='es-toggle-pwd js-es-toggle-pwd'><span class='es-icon es-icon_eye'><\/span><\/a><\/div><p class='es-field__description'><ul class='es-field__validate-list'>\n                                <li class='es-validate-item es-validate-item__contain'>Ne peut pas contenir le nom ou l'adresse e-mail<\/li>\n                                <li class='es-validate-item es-validate-item__length'>Au moins 8 caract\u00e8res<\/li>\n                                <li class='es-validate-item es-validate-item__char'>Contient un chiffre ou un symbole<\/li>\n                            <\/ul><\/p><\/label>\n                                   <\/div>\n                               \n\t\t\n\t\t<button type=\"submit\" disabled class=\"es-btn es-btn--primary es-btn--signup\">S'inscrire<\/button>\n\t\t<div class='es-privacy-policy-container'><div class='es-terms-text'>En cliquant sur le bouton \u00abS'INSCRIRE\u00bb, vous acceptez les Conditions d'utilisation et Politique de confidentialit\u00e9<\/div><\/div>\t\t<p class=\"sign-in-text\">Vous avez d\u00e9j\u00e0 un compte? <a href=\"#\" class=\"js-es-auth-item__switcher\" data-auth-item=\"login-buttons\">S'identifier<\/a><\/p>\n\t<\/form>\n\t<div class=\"es-space\"><\/div>\n<\/div>\n            <div class=\"es-auth__item es-auth__agent-register-buttons es-auth__item--hidden\">\n\t\t\t<h3 class=\"heading-font\">Cr\u00e9ez votre compte Agent<\/h3>\n\t\n\t\t\t<p>G\u00e9rez vos biens, demandes d\\'informations et plus encore<\/p>\n\t\n\t\t\t\t\t\t\t\t\t<a href=\"#\" data-auth-item=\"agent-register-form\" class=\"js-es-auth-item__switcher es-btn es-btn--default es-btn--auth \">Inscrivez-vous avec l'adresse e-mail<\/a>\n\t\n\t<p class=\"sign-in-text\">Vous avez d\u00e9j\u00e0 un compte? <a href=\"#\" data-auth-item=\"login-buttons\" class=\"js-es-auth-item__switcher\">S'identifier<\/a><\/p>\n\t<div class=\"es-space\"><\/div>\n<\/div>\n            \n    <\/div>\n\n","protected":false},"excerpt":{"rendered":"","protected":false},"author":1,"featured_media":0,"parent":0,"menu_order":0,"comment_status":"closed","ping_status":"closed","template":"templates\/page-builder.php","meta":{"footnotes":""},"folder":[470],"class_list":["post-177","page","type-page","status-publish","hentry"],"_links":{"self":[{"href":"https:\/\/maritimm.com\/index.php\/wp-json\/wp\/v2\/pages\/177","targetHints":{"allow":["GET"]}}],"collection":[{"href":"https:\/\/maritimm.com\/index.php\/wp-json\/wp\/v2\/pages"}],"about":[{"href":"https:\/\/maritimm.com\/index.php\/wp-json\/wp\/v2\/types\/page"}],"author":[{"embeddable":true,"href":"https:\/\/maritimm.com\/index.php\/wp-json\/wp\/v2\/users\/1"}],"replies":[{"embeddable":true,"href":"https:\/\/maritimm.com\/index.php\/wp-json\/wp\/v2\/comments?post=177"}],"version-history":[{"count":1,"href":"https:\/\/maritimm.com\/index.php\/wp-json\/wp\/v2\/pages\/177\/revisions"}],"predecessor-version":[{"id":1667,"href":"https:\/\/maritimm.com\/index.php\/wp-json\/wp\/v2\/pages\/177\/revisions\/1667"}],"wp:attachment":[{"href":"https:\/\/maritimm.com\/index.php\/wp-json\/wp\/v2\/media?parent=177"}],"wp:term":[{"taxonomy":"folder","embeddable":true,"href":"https:\/\/maritimm.com\/index.php\/wp-json\/wp\/v2\/folder?post=177"}],"curies":[{"name":"wp","href":"https:\/\/api.w.org\/{rel}","templated":true}]}}