{"id":1492,"date":"2024-01-12T13:08:29","date_gmt":"2024-01-12T12:08:29","guid":{"rendered":"https:\/\/maritimm.com\/?page_id=1492"},"modified":"2024-02-05T10:14:11","modified_gmt":"2024-02-05T09:14:11","slug":"a_propos","status":"publish","type":"page","link":"https:\/\/maritimm.com\/index.php\/a_propos\/","title":{"rendered":"Notre Agence"},"content":{"rendered":"<div id=\"pl-1492\"  class=\"panel-layout\" ><div id=\"pg-1492-0\"  class=\"panel-grid panel-has-style\" ><div class=\"ert-overlay siteorigin-panels-stretch panel-row-style panel-row-style-for-1492-0\" data-stretch-type=\"full-width-stretch\" ><div id=\"pgc-1492-0-0\"  class=\"panel-grid-cell\" ><div id=\"panel-1492-0-0-0\" class=\"so-panel widget widget_sow-hero panel-first-child panel-last-child\" data-index=\"0\" ><div\n\t\t\t\n\t\t\tclass=\"so-widget-sow-hero so-widget-sow-hero-default-a2d68c153cb4-1492 so-widget-fittext-wrapper\"\n\t\t\t data-fit-text-compressor=\"0.85\"\n\t\t>\t\t\t\t<div class=\"sow-slider-base\" style=\"display: none\" tabindex=\"0\">\n\t\t\t\t\t<ul\n\t\t\t\t\tclass=\"sow-slider-images\"\n\t\t\t\t\tdata-settings=\"{&quot;pagination&quot;:true,&quot;speed&quot;:800,&quot;timeout&quot;:8000,&quot;paused&quot;:false,&quot;pause_on_hover&quot;:false,&quot;swipe&quot;:true,&quot;nav_always_show_desktop&quot;:&quot;&quot;,&quot;nav_always_show_mobile&quot;:&quot;&quot;,&quot;breakpoint&quot;:&quot;780px&quot;,&quot;unmute&quot;:false,&quot;anchor&quot;:null}\"\n\t\t\t\t\t\t\t\t\t\tdata-anchor-id=\"\"\n\t\t\t\t>\t\t<li class=\"sow-slider-image  sow-slider-image-cover\" style=\"visibility: visible;;background-color: #333333\" >\n\t\t\t\t\t<div class=\"sow-slider-image-container\">\n\t\t\t<div class=\"sow-slider-image-wrapper\">\n\t\t\t\t<h2 class=\"heading-styled\" style=\"text-align: center\">Notre Agence<\/h2>\n<p style=\"text-align: center\">D\u00e9couvrez Maritimm Immobilier et ses services<\/p>\t\t\t<\/div>\n\t\t<\/div>\n\t\t<div class=\"sow-slider-image-overlay sow-slider-image-cover\" style=\"opacity: 0.85;background-image: url(https:\/\/maritimm.com\/wp-content\/uploads\/2024\/02\/Maritimm_Header08.jpg)\"  ><\/div>\t\t<\/li>\n\t\t<\/ul>\t\t\t\t<ol class=\"sow-slider-pagination\">\n\t\t\t\t\t\t\t\t\t\t\t<li><a href=\"#\" data-goto=\"0\" aria-label=\"Display slide 1\"><\/a><\/li>\n\t\t\t\t\t\t\t\t\t<\/ol>\n\n\t\t\t\t<div class=\"sow-slide-nav sow-slide-nav-next\">\n\t\t\t\t\t<a href=\"#\" data-goto=\"next\" aria-label=\"Next slide\" data-action=\"next\">\n\t\t\t\t\t\t<em class=\"sow-sld-icon-thin-right\"><\/em>\n\t\t\t\t\t<\/a>\n\t\t\t\t<\/div>\n\n\t\t\t\t<div class=\"sow-slide-nav sow-slide-nav-prev\">\n\t\t\t\t\t<a href=\"#\" data-goto=\"previous\" aria-label=\"Previous slide\" data-action=\"prev\">\n\t\t\t\t\t\t<em class=\"sow-sld-icon-thin-left\"><\/em>\n\t\t\t\t\t<\/a>\n\t\t\t\t<\/div>\n\t\t\t\t<\/div><\/div><\/div><\/div><\/div><\/div><div id=\"pg-1492-1\"  class=\"panel-grid panel-no-style\" ><div id=\"pgc-1492-1-0\"  class=\"panel-grid-cell\" ><div id=\"panel-1492-1-0-0\" class=\"so-panel widget widget_ert-about-widget panel-first-child panel-last-child\" data-index=\"1\" ><div\n\t\t\t\n\t\t\tclass=\"so-widget-ert-about-widget so-widget-ert-about-widget-default-d75171398898-1492\"\n\t\t\t\n\t\t><div class='triangle'><\/div><div class='container'><div class='row'><div class='col-md-6 order-2 order-sm-2 order-md-1'><h4>Maritimm Immobilier<\/h4><h5>Votre agence immo \u00e0 Lacanau<\/h5><div class='ert-about__content'><p>Maritimm Immobilier se distingue en tant qu'agence immobili\u00e8re ind\u00e9pendante offrant des services premium, sp\u00e9cialis\u00e9e dans les biens immobiliers \u00e0 proximit\u00e9 de la mer. Forte d'une expertise et d'un savoir faire dans tous les domaines de l'immobilier, notre \u00e9quipe disponible et d\u00e9vou\u00e9e met en avant une s\u00e9lection exclusive de biens.<\/p>\n<p>Notre \u00e9quipe vous assure une approche personnalis\u00e9e, nous guidons nos clients tout au long du processus d'achat, de vente, ou de location, en privil\u00e9giant la satisfaction et la confiance. Maritimm cr\u00e9\u00e9 une exp\u00e9rience de vie et un moment unique conscient que les aspects \u00e9motionnels sont souvent au coeur de vos d\u00e9cisions.<\/p>\n<p>Maritimm Immobilier s'engage enfin \u00e0 offrir des solutions sur mesure, vous permettant de trouver les meilleurs conseils et assurer la r\u00e9ussite de votre projet.<\/p>\n<p>D\u00e9couvrez votre propri\u00e9t\u00e9 et nos services exclusifs.<\/p>\n<\/div><\/div><div class='col-md-6 ert-about__image order-1 order-sm-1 order-md-2'><div class='ert-about__image--inner'><img fetchpriority=\"high\" decoding=\"async\" width=\"411\" height=\"517\" src=\"https:\/\/maritimm.com\/wp-content\/uploads\/2024\/01\/Maritimm_Agence02.jpg\" class=\"attachment-full size-full\" alt=\"\" srcset=\"https:\/\/maritimm.com\/wp-content\/uploads\/2024\/01\/Maritimm_Agence02.jpg 411w, https:\/\/maritimm.com\/wp-content\/uploads\/2024\/01\/Maritimm_Agence02-238x300.jpg 238w\" sizes=\"(max-width: 411px) 100vw, 411px\" \/><\/div><\/div><\/div><\/div><\/div><\/div><\/div><\/div><div id=\"pg-1492-2\"  class=\"panel-grid panel-no-style\" ><div id=\"pgc-1492-2-0\"  class=\"panel-grid-cell\" ><div id=\"panel-1492-2-0-0\" class=\"so-panel widget widget_siteorigin-panels-builder panel-first-child panel-last-child\" data-index=\"2\" ><div id=\"pl-w65bf848529e0c\"  class=\"panel-layout\" ><div id=\"pg-w65bf848529e0c-0\"  class=\"panel-grid panel-has-style\" ><div class=\"siteorigin-panels-stretch panel-row-style panel-row-style-for-w65bf848529e0c-0\" data-stretch-type=\"full\" ><div id=\"pgc-w65bf848529e0c-0-0\"  class=\"panel-grid-cell\" ><div id=\"panel-w65bf848529e0c-0-0-0\" class=\"so-panel widget widget_ert-about-widget panel-first-child\" data-index=\"0\" ><div\n\t\t\t\n\t\t\tclass=\"so-widget-ert-about-widget so-widget-ert-about-widget-default-d75171398898\"\n\t\t\t\n\t\t><h3 class=\"widget-title\">Nos Services aux Vendeurs<\/h3><div class='triangle'><\/div><div class='container'><div class='row'><div class='col-md-6 order-2 order-sm-2 order-md-1'><\/div><div class='col-md-6 ert-about__image order-1 order-sm-1 order-md-2'><\/div><\/div><\/div><\/div><\/div><div id=\"panel-w65bf848529e0c-0-0-1\" class=\"so-panel widget widget_sow-features panel-last-child\" data-index=\"1\" ><div\n\t\t\t\n\t\t\tclass=\"so-widget-sow-features so-widget-sow-features-default-a155dd7f5773\"\n\t\t\t\n\t\t><ul\n\tclass=\"sow-features-list\n\tsow-features-responsive\">\n\n\t\t\t<li\n\t\t\tclass=\"sow-features-feature sow-icon-container-position-top\"\n\t\t\tstyle=\"display: flex; flex-direction: column; width: calc(33.333% - 20px);\"\n\t\t>\n\t\t\t\n\t\t\t\t\t\t<div\t\t\t\tclass=\"sow-icon-container sow-container-none\"\n\t\t\t\tstyle=\"color: ; \"\n\t\t\t\t\n\t\t\t\t\t\t\t>\n\t\t\t\t<span class=\"sow-icon-elegantline\" data-sow-icon=\"&#xe055;\"\n\t\tstyle=\"font-size: 48px; color: #2d2d2d\" \n\t\taria-hidden=\"true\"><\/span>\t\t\t<\/div>\n\n\t\t\t<div class=\"textwidget\">\n\t\t\t\t\n\t\t\t\t\t\t\t\t\t<h5 class=\"sow-features-feature-title\">\n\t\t\t\t\t\tDur\u00e9e du mandat fix\u00e9e ensemble\t\t\t\t\t<\/h5>\n\t\t\t\t\n\t\t\t\t\t\t\t\t\t<div class=\"sow-features-feature-text\">\n\t\t\t\t\t<p>Vous \u00eates unique et votre projet aussi ! D\u00e9terminons ensemble le temps n\u00e9cessaire \u00e0 sa concr\u00e9tisation.<\/p>\n\t\t\t\t\t<\/div>\n\t\t\t\t\t\t\t\t<\/div>\n\t\t\t\t\t\t\t\t<\/li>\n\n\t\t\t<li\n\t\t\tclass=\"sow-features-feature sow-icon-container-position-top\"\n\t\t\tstyle=\"display: flex; flex-direction: column; width: calc(33.333% - 20px);\"\n\t\t>\n\t\t\t\n\t\t\t\t\t\t<div\t\t\t\tclass=\"sow-icon-container sow-container-none\"\n\t\t\t\tstyle=\"color: ; \"\n\t\t\t\t\n\t\t\t\t\t\t\t>\n\t\t\t\t<span class=\"sow-icon-elegantline\" data-sow-icon=\"&#xe005;\"\n\t\tstyle=\"font-size: 48px; color: #2d2d2d\" \n\t\taria-hidden=\"true\"><\/span>\t\t\t<\/div>\n\n\t\t\t<div class=\"textwidget\">\n\t\t\t\t\n\t\t\t\t\t\t\t\t\t<h5 class=\"sow-features-feature-title\">\n\t\t\t\t\t\tFichier acqu\u00e9reurs qualifi\u00e9s\t\t\t\t\t<\/h5>\n\t\t\t\t\n\t\t\t\t\t\t\t\t\t<div class=\"sow-features-feature-text\">\n\t\t\t\t\t<p>Nous informons de la mise en vente de votre bien \u00e0 tous notre fichier d\u2019acqu\u00e9reurs dont la demande correspond.<\/p>\n\t\t\t\t\t<\/div>\n\t\t\t\t\t\t\t\t<\/div>\n\t\t\t\t\t\t\t\t<\/li>\n\n\t\t\t<li\n\t\t\tclass=\"sow-features-feature sow-icon-container-position-top\"\n\t\t\tstyle=\"display: flex; flex-direction: column; width: calc(33.333% - 20px);\"\n\t\t>\n\t\t\t\n\t\t\t\t\t\t<div\t\t\t\tclass=\"sow-icon-container sow-container-none\"\n\t\t\t\tstyle=\"color: ; \"\n\t\t\t\t\n\t\t\t\t\t\t\t>\n\t\t\t\t<span class=\"sow-icon-elegantline\" data-sow-icon=\"&#xe021;\"\n\t\tstyle=\"font-size: 48px; color: #2d2d2d\" \n\t\taria-hidden=\"true\"><\/span>\t\t\t<\/div>\n\n\t\t\t<div class=\"textwidget\">\n\t\t\t\t\n\t\t\t\t\t\t\t\t\t<h5 class=\"sow-features-feature-title\">\n\t\t\t\t\t\tPack visibilit\u00e9 Internet\t\t\t\t\t<\/h5>\n\t\t\t\t\n\t\t\t\t\t\t\t\t\t<div class=\"sow-features-feature-text\">\n\t\t\t\t\t<p>Votre annonce est diffus\u00e9e sur notre r\u00e9seaux de plus de 15 sites sp\u00e9cialis\u00e9s, dont les leaders du march\u00e9 (seloger.com, leboncoin.fr, etc)<\/p>\n\t\t\t\t\t<\/div>\n\t\t\t\t\t\t\t\t<\/div>\n\t\t\t\t\t\t\t\t<\/li>\n\n\t\t\t<li\n\t\t\tclass=\"sow-features-feature sow-icon-container-position-top\"\n\t\t\tstyle=\"display: flex; flex-direction: column; width: calc(33.333% - 20px);\"\n\t\t>\n\t\t\t\n\t\t\t\t\t\t<div\t\t\t\tclass=\"sow-icon-container sow-container-none\"\n\t\t\t\tstyle=\"color: ; \"\n\t\t\t\t\n\t\t\t\t\t\t\t>\n\t\t\t\t<span class=\"sow-icon-elegantline\" data-sow-icon=\"&#xe012;\"\n\t\tstyle=\"font-size: 48px; color: #2d2d2d\" \n\t\taria-hidden=\"true\"><\/span>\t\t\t<\/div>\n\n\t\t\t<div class=\"textwidget\">\n\t\t\t\t\n\t\t\t\t\t\t\t\t\t<h5 class=\"sow-features-feature-title\">\n\t\t\t\t\t\tPhotos professionnelles\t\t\t\t\t<\/h5>\n\t\t\t\t\n\t\t\t\t\t\t\t\t\t<div class=\"sow-features-feature-text\">\n\t\t\t\t\t<p>Des photos de votre bien, r\u00e9alis\u00e9es avec du mat\u00e9riel professionnel, pour une mise en valeur de qualit\u00e9.<\/p>\n\t\t\t\t\t<\/div>\n\t\t\t\t\t\t\t\t<\/div>\n\t\t\t\t\t\t\t\t<\/li>\n\n\t\t\t<li\n\t\t\tclass=\"sow-features-feature sow-icon-container-position-top\"\n\t\t\tstyle=\"display: flex; flex-direction: column; width: calc(33.333% - 20px);\"\n\t\t>\n\t\t\t\n\t\t\t\t\t\t<div\t\t\t\tclass=\"sow-icon-container sow-container-none\"\n\t\t\t\tstyle=\"color: ; \"\n\t\t\t\t\n\t\t\t\t\t\t\t>\n\t\t\t\t<span class=\"sow-icon-elegantline\" data-sow-icon=\"&#xe036;\"\n\t\tstyle=\"font-size: 48px; color: #2d2d2d\" \n\t\taria-hidden=\"true\"><\/span>\t\t\t<\/div>\n\n\t\t\t<div class=\"textwidget\">\n\t\t\t\t\n\t\t\t\t\t\t\t\t\t<h5 class=\"sow-features-feature-title\">\n\t\t\t\t\t\tR\u00e9novation 3D\t\t\t\t\t<\/h5>\n\t\t\t\t\n\t\t\t\t\t\t\t\t\t<div class=\"sow-features-feature-text\">\n\t\t\t\t\t<p>Nos experts en d\u00e9coration d\u2019int\u00e9rieur r\u00e9alisent une maquette virtuelle de votre bien apr\u00e8s travaux, pour permettre aux futurs acqu\u00e9reurs de mieux se projeter.<\/p>\n\t\t\t\t\t<\/div>\n\t\t\t\t\t\t\t\t<\/div>\n\t\t\t\t\t\t\t\t<\/li>\n\n\t\t\t<li\n\t\t\tclass=\"sow-features-feature sow-icon-container-position-top\"\n\t\t\tstyle=\"display: flex; flex-direction: column; width: calc(33.333% - 20px);\"\n\t\t>\n\t\t\t\n\t\t\t\t\t\t<div\t\t\t\tclass=\"sow-icon-container sow-container-none\"\n\t\t\t\tstyle=\"color: ; \"\n\t\t\t\t\n\t\t\t\t\t\t\t>\n\t\t\t\t<span class=\"sow-icon-elegantline\" data-sow-icon=\"&#xe016;\"\n\t\tstyle=\"font-size: 48px; color: #2d2d2d\" \n\t\taria-hidden=\"true\"><\/span>\t\t\t<\/div>\n\n\t\t\t<div class=\"textwidget\">\n\t\t\t\t\n\t\t\t\t\t\t\t\t\t<h5 class=\"sow-features-feature-title\">\n\t\t\t\t\t\tMise en relation avec nos partenaires financiers\t\t\t\t\t<\/h5>\n\t\t\t\t\n\t\t\t\t\t\t\t\t\t<div class=\"sow-features-feature-text\">\n\t\t\t\t\t<p>Besoin d'un coup de pouce pour concr\u00e9tiser votre projet ? Notre carnet d'adresses est \u00e0 vous !<\/p>\n\t\t\t\t\t<\/div>\n\t\t\t\t\t\t\t\t<\/div>\n\t\t\t\t\t\t\t\t<\/li>\n\n\t<\/ul>\n<\/div><\/div><\/div><\/div><\/div><\/div><\/div><\/div><\/div><\/div>","protected":false},"excerpt":{"rendered":"<p>Notre Agence D\u00e9couvrez Maritimm Immobilier et ses services Maritimm ImmobilierVotre agence immo \u00e0 LacanauMaritimm Immobilier se distingue en tant qu&rsquo;agence immobili\u00e8re ind\u00e9pendante offrant des services premium, sp\u00e9cialis\u00e9e dans les biens immobiliers \u00e0 proximit\u00e9 de la mer. Forte d&rsquo;une expertise et d&rsquo;un savoir faire dans tous les domaines de l&rsquo;immobilier, notre \u00e9quipe disponible et d\u00e9vou\u00e9e met [&hellip;]<\/p>\n","protected":false},"author":1,"featured_media":0,"parent":0,"menu_order":0,"comment_status":"closed","ping_status":"closed","template":"templates\/page-builder.php","meta":{"footnotes":""},"folder":[470],"class_list":["post-1492","page","type-page","status-publish","hentry"],"_links":{"self":[{"href":"https:\/\/maritimm.com\/index.php\/wp-json\/wp\/v2\/pages\/1492","targetHints":{"allow":["GET"]}}],"collection":[{"href":"https:\/\/maritimm.com\/index.php\/wp-json\/wp\/v2\/pages"}],"about":[{"href":"https:\/\/maritimm.com\/index.php\/wp-json\/wp\/v2\/types\/page"}],"author":[{"embeddable":true,"href":"https:\/\/maritimm.com\/index.php\/wp-json\/wp\/v2\/users\/1"}],"replies":[{"embeddable":true,"href":"https:\/\/maritimm.com\/index.php\/wp-json\/wp\/v2\/comments?post=1492"}],"version-history":[{"count":15,"href":"https:\/\/maritimm.com\/index.php\/wp-json\/wp\/v2\/pages\/1492\/revisions"}],"predecessor-version":[{"id":2209,"href":"https:\/\/maritimm.com\/index.php\/wp-json\/wp\/v2\/pages\/1492\/revisions\/2209"}],"wp:attachment":[{"href":"https:\/\/maritimm.com\/index.php\/wp-json\/wp\/v2\/media?parent=1492"}],"wp:term":[{"taxonomy":"folder","embeddable":true,"href":"https:\/\/maritimm.com\/index.php\/wp-json\/wp\/v2\/folder?post=1492"}],"curies":[{"name":"wp","href":"https:\/\/api.w.org\/{rel}","templated":true}]}}